{"id":10,"date":"2025-09-12T18:01:24","date_gmt":"2025-09-12T18:01:24","guid":{"rendered":"http:\/\/matthew-mcgrath.com\/?page_id=10"},"modified":"2025-10-23T15:31:40","modified_gmt":"2025-10-23T15:31:40","slug":"elementor-10","status":"publish","type":"page","link":"http:\/\/matthew-mcgrath.com\/de\/","title":{"rendered":"Home"},"content":{"rendered":"<div data-elementor-type=\"wp-post\" data-elementor-id=\"10\" class=\"elementor elementor-10\">\n\t\t\t\t<div class=\"elementor-element elementor-element-ef5318c e-flex e-con-boxed e-con e-parent\" data-id=\"ef5318c\" data-element_type=\"container\" data-e-type=\"container\" data-settings=\"{&quot;background_background&quot;:&quot;classic&quot;}\">\n\t\t\t\t\t<div class=\"e-con-inner\">\n\t\t<div class=\"elementor-element elementor-element-31d19bd e-con-full e-flex e-con e-child\" data-id=\"31d19bd\" data-element_type=\"container\" data-e-type=\"container\" data-settings=\"{&quot;background_background&quot;:&quot;classic&quot;}\">\n\t\t\t\t<\/div>\n\t\t\t\t\t<\/div>\n\t\t\t\t<\/div>\n\t\t<div class=\"elementor-element elementor-element-866a821 e-flex e-con-boxed e-con e-parent\" data-id=\"866a821\" data-element_type=\"container\" data-e-type=\"container\" data-settings=\"{&quot;background_background&quot;:&quot;classic&quot;}\">\n\t\t\t\t\t<div class=\"e-con-inner\">\n\t\t<div class=\"elementor-element elementor-element-13f8a20 e-con-full e-flex e-con e-child\" data-id=\"13f8a20\" data-element_type=\"container\" data-e-type=\"container\" data-settings=\"{&quot;background_background&quot;:&quot;classic&quot;}\">\n\t\t\t\t<div class=\"elementor-element elementor-element-a8453d4 elementor-widget elementor-widget-heading\" data-id=\"a8453d4\" data-element_type=\"widget\" data-e-type=\"widget\" data-widget_type=\"heading.default\">\n\t\t\t\t\t<h2 class=\"elementor-heading-title elementor-size-default\">Matthew McGrath und\nsein Didgeridoo in Berlin<\/h2>\t\t\t\t<\/div>\n\t\t\t\t<\/div>\n\t\t\t\t\t<\/div>\n\t\t\t\t<\/div>\n\t\t<div class=\"elementor-element elementor-element-d4f70f3 e-flex e-con-boxed e-con e-parent\" data-id=\"d4f70f3\" data-element_type=\"container\" data-e-type=\"container\" data-settings=\"{&quot;background_background&quot;:&quot;classic&quot;}\">\n\t\t\t\t\t<div class=\"e-con-inner\">\n\t\t<div class=\"elementor-element elementor-element-2f9330a e-con-full e-flex e-con e-child\" data-id=\"2f9330a\" data-element_type=\"container\" data-e-type=\"container\" data-settings=\"{&quot;background_background&quot;:&quot;classic&quot;}\">\n\t\t<div class=\"elementor-element elementor-element-0e65e42 e-con-full e-flex e-con e-child\" data-id=\"0e65e42\" data-element_type=\"container\" data-e-type=\"container\">\n\t\t\t\t<div class=\"elementor-element elementor-element-66aef14 elementor-widget elementor-widget-text-editor\" data-id=\"66aef14\" data-element_type=\"widget\" data-e-type=\"widget\" data-widget_type=\"text-editor.default\">\n\t\t\t\t\t\t\t\t\t<p><span style=\"font-weight: 400;\">W\u00e4hrend seiner Arbeit als Musikdozent am Aboriginal Islander Dance Theatre in Sydney im Jahre 1984 lernte Matthew das Didgeridoo-Spiel. 1985 wurde er in die Williams Familie adoptiert, eine Familie traditioneller Llardil \u201cSong Men\u201d, Didgeridoo-Meistern und T\u00e4nzern. Sp\u00e4ter lebte und arbeitete er ein Jahr lang bei den Llardil auf Mornington Island im Golf von Carpentaria.<\/span><\/p><p><span style=\"font-weight: 400;\">Matthew McGrath, founding member of Frill Neck, introduced the didgeridoo to Berlin in 1987. Following his Berlin solo didgeridoo debut at the Monsters Myths and Mutation festival in Tempodrome in 1987, Frill Neck was formed with Stewart Dunlop. Didgeridoo meets virtuoso guitars. Frill Neck\u2019s unique blend of atmospheric ethno-jazz-punk and contemporary ballads spread quickly, drawing much attention and critical praise in the world of contemporary music, until Stewart\u2019s death in 2006. Frill Neck&#8217;s eponymous album from 1992 is available from SUTA publishing<\/span><a href=\"https:\/\/sutapublishing.com\/product\/beispiel-produkt-nr-2\/\"> <span style=\"font-weight: 400;\">https:\/\/sutapublishing.com\/product\/beispiel-produkt-nr-2\/<\/span><\/a><\/p><p>\u00a0<\/p><p><span style=\"font-weight: 400;\">Unabh\u00e4ngig von seinen B\u00fchnen-Aktivit\u00e4ten als S\u00e4nger, Songwriter und Didgeridoo-Meister konzipierte und organisierte Matthew 1995 das \u201cR\u00fcckkehr des Boomerangs\u201d-Festival mit gro\u00dfen australischen K\u00fcnstlern wie Bangarra Tanztheater, Woomera Dance Group, der Warrumpi Band, Archie Roach und Ruby Hunter mit dem Haus der Kulturen der Welt in Berlin. Sp\u00e4ter war er der Ansto\u00df und managte die Europa-Tournee der Woomera Dance Group von 1996 in Verbindung mit dem 50. Jahrestag der UNICEF.<\/span><\/p><p><span style=\"font-weight: 400;\">Since 2011, Matthew has performed and composed music for \u201ewhichdoctorwatson\u201c who released the debut album \u201ccircular hymns\u201d\u00a0 a documentation of a live performance program. &#8220;Circular Hymns&#8221; charted new musical waters in contemporary musical explorations that also draw on over 35 years experience in Berlin as a solo didgeridoo artist. In \u201ccircular hymns\u201d the didgeridoo and the \u201cJam Man\u00ae\u201d sampler combine to create evocative and haunting music never heard before. The circular nature of repetition in the didgeridoo, one the world\u2019s oldest musical instruments and the digital sampler, one of the newest, gives the project its name. The CD \u201ccircular hymns\u201d was released in 2012 and available at <\/span><a href=\"https:\/\/sutapublishing.com\/product\/beispiel-produkt-nr-1\/\"><span style=\"font-weight: 400;\">https:\/\/sutapublishing.com\/product\/beispiel-produkt-nr-1\/<\/span><\/a><\/p><p><span style=\"font-weight: 400;\">In 2026 the second album from WhichDoctorWatson? \u201cShonky Downtime in Heterotopia\u201d is scheduled for release.<\/span><\/p><p><span style=\"font-weight: 400;\">Matthew is acknowledged as a modern master of the didgeridoo and has been given permission by the Llardil elders to play a selection of traditional songs and teach the playing of the didgeridoo. His concerts include some of his own solo pieces, compositions from Frill Neck and Whichdoctorwatson? as well as a selection of traditional Llardil songs.<\/span><\/p><p><span style=\"font-weight: 400;\">Matthew has worked on many collaborative projects in music, theatre and film. His most raucous excursion in music performance was undeniably as singer\/ saxophonist of \u201cHysenkeit\u201d.\u00a0<\/span><\/p>\t\t\t\t\t\t\t\t<\/div>\n\t\t\t\t<\/div>\n\t\t<div class=\"elementor-element elementor-element-e4a56bf e-con-full e-flex e-con e-child\" data-id=\"e4a56bf\" data-element_type=\"container\" data-e-type=\"container\">\n\t\t\t\t<div class=\"elementor-element elementor-element-1a2678d elementor-widget elementor-widget-heading\" data-id=\"1a2678d\" data-element_type=\"widget\" data-e-type=\"widget\" data-widget_type=\"heading.default\">\n\t\t\t\t\t<h2 class=\"elementor-heading-title elementor-size-default\">Musik<\/h2>\t\t\t\t<\/div>\n\t\t\t\t<div class=\"elementor-element elementor-element-4fa0163 elementor-widget elementor-widget-text-editor\" data-id=\"4fa0163\" data-element_type=\"widget\" data-e-type=\"widget\" data-widget_type=\"text-editor.default\">\n\t\t\t\t\t\t\t\t\t<p><b>Music samples solo<\/b><\/p><p><a href=\"http:\/\/matthew-mcgrath.com\/wp-content\/uploads\/2025\/09\/dance.mp3\"><span style=\"font-weight: 400;\">Dance<\/span><\/a><\/p><p><a href=\"http:\/\/matthew-mcgrath.com\/wp-content\/uploads\/2025\/10\/terra.mp3\">Terra<\/a><\/p><p><b>From Frill Neck<\/b><\/p><p><a href=\"http:\/\/matthew-mcgrath.com\/wp-content\/uploads\/2025\/10\/03-Twilight.mp3\">Twilight<\/a><\/p><p><a href=\"http:\/\/matthew-mcgrath.com\/wp-content\/uploads\/2025\/09\/rats-in-the-cellar.mp3\"><span style=\"font-weight: 400;\">Rats In The Cellar<\/span><\/a><\/p><p><a href=\"http:\/\/matthew-mcgrath.com\/wp-content\/uploads\/2025\/09\/late.mp3\"><span style=\"font-weight: 400;\">Late<\/span><\/a><\/p><p><a href=\"http:\/\/www.frillneck.de\/\"><span style=\"font-weight: 400;\">\u00a0\u201cFrill Neck\u201d<\/span><\/a><\/p><p><b>From WhichDoctorWatson<\/b><\/p><p><a href=\"http:\/\/matthew-mcgrath.com\/wp-content\/uploads\/2025\/10\/burn.mp3\">Burn<\/a><\/p><p><a href=\"http:\/\/matthew-mcgrath.com\/wp-content\/uploads\/2025\/10\/FieryDarknessPast.mp3\"><b>Fiery Darkness Past<\/b><\/a><\/p><p><a href=\"http:\/\/matthew-mcgrath.com\/wp-content\/uploads\/2025\/10\/cry.mp3\"><b>Cry<\/b><\/a><\/p>\t\t\t\t\t\t\t\t<\/div>\n\t\t\t\t<div class=\"elementor-element elementor-element-992b3f1 elementor-widget elementor-widget-heading\" data-id=\"992b3f1\" data-element_type=\"widget\" data-e-type=\"widget\" data-widget_type=\"heading.default\">\n\t\t\t\t\t<h2 class=\"elementor-heading-title elementor-size-default\">Kontakt<\/h2>\t\t\t\t<\/div>\n\t\t\t\t<div class=\"elementor-element elementor-element-600d875 elementor-widget elementor-widget-text-editor\" data-id=\"600d875\" data-element_type=\"widget\" data-e-type=\"widget\" data-widget_type=\"text-editor.default\">\n\t\t\t\t\t\t\t\t\t<p><span class=\"org\">SUTA Music<\/span><br \/>Cantianstra\u00dfe 22<br \/>10437 Berlin<\/p><p>info@matthew-mcgrath.com<br \/><span class=\"tel\">Phone: +49 1707357311<br \/><\/span><span class=\"tel\">+49 30 \/ 443 58612<\/span><br \/>Web:\u00a0www.frillneck.de<br \/>www.whichdoctorwatson.com<br \/>www.sutapublishing.com<\/p><p>\u00a0<\/p><p><img fetchpriority=\"high\" decoding=\"async\" class=\"alignnone size-medium wp-image-181\" src=\"http:\/\/matthew-mcgrath.com\/wp-content\/uploads\/2025\/10\/120504wdw9-200x300.jpeg\" alt=\"\" width=\"200\" height=\"300\" srcset=\"https:\/\/matthew-mcgrath.com\/wp-content\/uploads\/2025\/10\/120504wdw9-200x300.jpeg 200w, https:\/\/matthew-mcgrath.com\/wp-content\/uploads\/2025\/10\/120504wdw9-681x1024.jpeg 681w, https:\/\/matthew-mcgrath.com\/wp-content\/uploads\/2025\/10\/120504wdw9-768x1154.jpeg 768w, https:\/\/matthew-mcgrath.com\/wp-content\/uploads\/2025\/10\/120504wdw9-1022x1536.jpeg 1022w, https:\/\/matthew-mcgrath.com\/wp-content\/uploads\/2025\/10\/120504wdw9-1363x2048.jpeg 1363w, https:\/\/matthew-mcgrath.com\/wp-content\/uploads\/2025\/10\/120504wdw9-8x12.jpeg 8w, https:\/\/matthew-mcgrath.com\/wp-content\/uploads\/2025\/10\/120504wdw9-scaled.jpeg 1703w\" sizes=\"(max-width: 200px) 100vw, 200px\" \/><\/p><p><img decoding=\"async\" class=\"alignnone size-medium wp-image-180\" src=\"http:\/\/matthew-mcgrath.com\/wp-content\/uploads\/2025\/10\/120504wdw4-300x200.jpeg\" alt=\"\" width=\"300\" height=\"200\" srcset=\"https:\/\/matthew-mcgrath.com\/wp-content\/uploads\/2025\/10\/120504wdw4-300x200.jpeg 300w, https:\/\/matthew-mcgrath.com\/wp-content\/uploads\/2025\/10\/120504wdw4-1024x681.jpeg 1024w, https:\/\/matthew-mcgrath.com\/wp-content\/uploads\/2025\/10\/120504wdw4-768x511.jpeg 768w, https:\/\/matthew-mcgrath.com\/wp-content\/uploads\/2025\/10\/120504wdw4-1536x1022.jpeg 1536w, https:\/\/matthew-mcgrath.com\/wp-content\/uploads\/2025\/10\/120504wdw4-2048x1363.jpeg 2048w, https:\/\/matthew-mcgrath.com\/wp-content\/uploads\/2025\/10\/120504wdw4-18x12.jpeg 18w\" sizes=\"(max-width: 300px) 100vw, 300px\" \/><\/p>\t\t\t\t\t\t\t\t<\/div>\n\t\t\t\t<\/div>\n\t\t\t\t<\/div>\n\t\t\t\t\t<\/div>\n\t\t\t\t<\/div>\n\t\t<div class=\"elementor-element elementor-element-2972d0f e-flex e-con-boxed e-con e-parent\" data-id=\"2972d0f\" data-element_type=\"container\" data-e-type=\"container\">\n\t\t\t\t\t<div class=\"e-con-inner\">\n\t\t\t\t\t<\/div>\n\t\t\t\t<\/div>\n\t\t\t\t<\/div>","protected":false},"excerpt":{"rendered":"<p>Matthew McGrath and the Didgeridoo in Berlin While working as lecturer in music at the Aboriginal Islander Dance Theatre in Sydney Matthew learnt to master the didgeridoo in 1984. In 1985 Matthew was adopted into the Williams family, a family of traditional Llardil song men, didgeridoo masters and dancers. He later spent a year living [&hellip;]<\/p>\n","protected":false},"author":1,"featured_media":0,"parent":0,"menu_order":0,"comment_status":"closed","ping_status":"closed","template":"elementor_header_footer","meta":{"footnotes":""},"class_list":["post-10","page","type-page","status-publish","hentry"],"_links":{"self":[{"href":"http:\/\/matthew-mcgrath.com\/de\/wp-json\/wp\/v2\/pages\/10","targetHints":{"allow":["GET"]}}],"collection":[{"href":"http:\/\/matthew-mcgrath.com\/de\/wp-json\/wp\/v2\/pages"}],"about":[{"href":"http:\/\/matthew-mcgrath.com\/de\/wp-json\/wp\/v2\/types\/page"}],"author":[{"embeddable":true,"href":"http:\/\/matthew-mcgrath.com\/de\/wp-json\/wp\/v2\/users\/1"}],"replies":[{"embeddable":true,"href":"http:\/\/matthew-mcgrath.com\/de\/wp-json\/wp\/v2\/comments?post=10"}],"version-history":[{"count":10,"href":"http:\/\/matthew-mcgrath.com\/de\/wp-json\/wp\/v2\/pages\/10\/revisions"}],"predecessor-version":[{"id":185,"href":"http:\/\/matthew-mcgrath.com\/de\/wp-json\/wp\/v2\/pages\/10\/revisions\/185"}],"wp:attachment":[{"href":"http:\/\/matthew-mcgrath.com\/de\/wp-json\/wp\/v2\/media?parent=10"}],"curies":[{"name":"wp","href":"https:\/\/api.w.org\/{rel}","templated":true}]}}